{"id":15279313,"date":"2025-08-29T11:33:09","date_gmt":"2025-08-29T15:33:09","guid":{"rendered":"https:\/\/anniebergeron.com\/maintenance-plans-form\/"},"modified":"2025-12-19T18:23:32","modified_gmt":"2025-12-19T23:23:32","slug":"maintenance-plans-form","status":"publish","type":"page","link":"https:\/\/anniebergeron.com\/en\/maintenance-plans-form\/","title":{"rendered":"Maintenance Plans form"},"content":{"rendered":"\t\t<div data-elementor-type=\"wp-page\" data-elementor-id=\"15279313\" class=\"elementor elementor-15279313 elementor-15278878\" data-elementor-post-type=\"page\">\n\t\t\t\t<div class=\"elementor-element elementor-element-a21585a light-gradient big-container e-flex e-con-boxed e-con e-parent\" data-id=\"a21585a\" data-element_type=\"container\" data-e-type=\"container\" data-settings=\"{&quot;jet_parallax_layout_list&quot;:[]}\">\n\t\t\t\t\t<div class=\"e-con-inner\">\n\t\t\t\t<div class=\"elementor-element elementor-element-b4f6cc5 font-extended elementor-widget elementor-widget-heading\" data-id=\"b4f6cc5\" data-element_type=\"widget\" data-e-type=\"widget\" data-widget_type=\"heading.default\">\n\t\t\t\t<div class=\"elementor-widget-container\">\n\t\t\t\t\t<h2 class=\"elementor-heading-title elementor-size-default\">Maintenance Plans<\/h2>\t\t\t\t<\/div>\n\t\t\t\t<\/div>\n\t\t\t\t<div class=\"elementor-element elementor-element-6745696 elementor-widget__width-initial elementor-widget-tablet__width-inherit form-setting elementor-widget elementor-widget-wpforms\" data-id=\"6745696\" data-element_type=\"widget\" data-e-type=\"widget\" data-widget_type=\"wpforms.default\">\n\t\t\t\t<div class=\"elementor-widget-container\">\n\t\t\t\t\t\n<style id=\"wpforms-css-vars-elementor-widget-6745696\">\n\t\t\t\t.elementor-widget-wpforms.elementor-element-6745696 {\n\t\t\t\t--wpforms-field-border-radius: 20px;\n--wpforms-field-border-color: #7230FE;\n--wpforms-field-border-color-spare: #7230FE;\n--wpforms-button-border-radius: 60px;\n--wpforms-button-background-color: #7230FE;\n--wpforms-container-padding: 30px;\n--wpforms-container-border-style: solid;\n--wpforms-container-border-radius: 20px;\n--wpforms-container-border-color: #7230FE;\n--wpforms-background-color: #FFFFFF;\n\t\t\t}\n\t\t\t<\/style>\n<div class=\"wpforms-container wpforms-container-full wpforms-render-modern\" id=\"wpforms-15277559\"><form id=\"wpforms-form-15277559\" class=\"wpforms-validate wpforms-form\" data-formid=\"15277559\" method=\"post\" enctype=\"multipart\/form-data\" action=\"\/en\/wp-json\/wp\/v2\/pages\/15279313\" data-token=\"f47f0df153b25515484c20b3045401ed\" data-token-time=\"1776240449\"><noscript class=\"wpforms-error-noscript\">Please enable JavaScript in your browser to complete this form.<\/noscript><div id=\"wpforms-error-noscript\" style=\"display: none;\">Please enable JavaScript in your browser to complete this form.<\/div><div class=\"wpforms-field-container\"><div id=\"wpforms-15277559-field_1-container\" class=\"wpforms-field wpforms-field-text\" data-field-id=\"1\"><label class=\"wpforms-field-label\" for=\"wpforms-15277559-field_1\">Name <span class=\"wpforms-required-label\" aria-hidden=\"true\">*<\/span><\/label><input type=\"text\" id=\"wpforms-15277559-field_1\" class=\"wpforms-field-medium wpforms-field-required\" name=\"wpforms[fields][1]\" aria-errormessage=\"wpforms-15277559-field_1-error\" required><\/div><div id=\"wpforms-15277559-field_2-container\" class=\"wpforms-field wpforms-field-text\" data-field-id=\"2\"><label class=\"wpforms-field-label\" for=\"wpforms-15277559-field_2\">Company name<\/label><input type=\"text\" id=\"wpforms-15277559-field_2\" class=\"wpforms-field-medium\" name=\"wpforms[fields][2]\" aria-errormessage=\"wpforms-15277559-field_2-error\" ><\/div><div id=\"wpforms-15277559-field_3-container\" class=\"wpforms-field wpforms-field-email\" data-field-id=\"3\"><label class=\"wpforms-field-label\" for=\"wpforms-15277559-field_3\">Email address of the person responsible for the site (technical) <span class=\"wpforms-required-label\" aria-hidden=\"true\">*<\/span><\/label><input type=\"email\" id=\"wpforms-15277559-field_3\" class=\"wpforms-field-medium wpforms-field-required\" name=\"wpforms[fields][3]\" spellcheck=\"false\" aria-errormessage=\"wpforms-15277559-field_3-error\" required><\/div><div id=\"wpforms-15277559-field_30-container\" class=\"wpforms-field wpforms-field-email\" data-field-id=\"30\"><label class=\"wpforms-field-label\" for=\"wpforms-15277559-field_30\">Email address for invoicing (if different from the previous one)<\/label><input type=\"email\" id=\"wpforms-15277559-field_30\" class=\"wpforms-field-medium\" name=\"wpforms[fields][30]\" spellcheck=\"false\" aria-errormessage=\"wpforms-15277559-field_30-error\" ><\/div><div id=\"wpforms-15277559-field_27-container\" class=\"wpforms-field wpforms-field-select wpforms-field-select-style-classic\" data-field-id=\"27\"><label class=\"wpforms-field-label\" for=\"wpforms-15277559-field_27\">Maintenance plan <span class=\"wpforms-required-label\" aria-hidden=\"true\">*<\/span><\/label><select id=\"wpforms-15277559-field_27\" class=\"wpforms-field-medium wpforms-field-required\" name=\"wpforms[fields][27]\" required=\"required\"><option value=\"Essential ($1200\/year)\"  class=\"choice-1 depth-1\"  >Essential ($1200\/year)<\/option><option value=\"Excellence ($1950\/year)\"  class=\"choice-2 depth-1\"  >Excellence ($1950\/year)<\/option><option value=\"I would appreciate your help in making a good choice.\"  class=\"choice-3 depth-1\"  >I would appreciate your help in making a good choice.<\/option><\/select><div id=\"wpforms-15277559-field_27-description\" class=\"wpforms-field-description\">A member of the AnnieB team may contact you to assist you in your decision.<\/div><\/div><div id=\"wpforms-15277559-field_5-container\" class=\"wpforms-field wpforms-field-url\" data-field-id=\"5\"><label class=\"wpforms-field-label\" for=\"wpforms-15277559-field_5\">Your website address (URL) <span class=\"wpforms-required-label\" aria-hidden=\"true\">*<\/span><\/label><input type=\"url\" id=\"wpforms-15277559-field_5\" class=\"wpforms-field-medium wpforms-field-required\" name=\"wpforms[fields][5]\" aria-errormessage=\"wpforms-15277559-field_5-error\" aria-describedby=\"wpforms-15277559-field_5-description\" required><div id=\"wpforms-15277559-field_5-description\" class=\"wpforms-field-description\">Example&nbsp;: https:\/\/anniebergeron.com<\/div><\/div><div id=\"wpforms-15277559-field_31-container\" class=\"wpforms-field wpforms-field-text\" data-field-id=\"31\"><label class=\"wpforms-field-label\" for=\"wpforms-15277559-field_31\">WordPress administrator username<\/label><input type=\"text\" id=\"wpforms-15277559-field_31\" class=\"wpforms-field-medium\" name=\"wpforms[fields][31]\" aria-errormessage=\"wpforms-15277559-field_31-error\" ><\/div><div id=\"wpforms-15277559-field_32-container\" class=\"wpforms-field wpforms-field-text\" data-field-id=\"32\"><label class=\"wpforms-field-label\" for=\"wpforms-15277559-field_32\">Name of your web host<\/label><input type=\"text\" id=\"wpforms-15277559-field_32\" class=\"wpforms-field-medium\" name=\"wpforms[fields][32]\" aria-errormessage=\"wpforms-15277559-field_32-error\" aria-describedby=\"wpforms-15277559-field_32-description\" ><div id=\"wpforms-15277559-field_32-description\" class=\"wpforms-field-description\">You can use this site to find out who your hosting provider is: https:\/\/whoishostingthis.com\/<\/div><\/div><div id=\"wpforms-15277559-field_18-container\" class=\"wpforms-field wpforms-field-date-time\" data-field-id=\"18\"><label class=\"wpforms-field-label\" for=\"wpforms-15277559-field_18\">What date would you like the package to be in place by?<\/label><div class=\"wpforms-datepicker-wrap\"><input type=\"text\" id=\"wpforms-15277559-field_18\" class=\"wpforms-field-date-time-date wpforms-datepicker wpforms-field-small\" data-date-format=\"d\/m\/Y\" data-disable-past-dates=\"0\" data-input=\"true\" name=\"wpforms[fields][18][date]\" aria-errormessage=\"wpforms-15277559-field_18-error\" ><a title=\"Clear Date\" data-clear role=\"button\" tabindex=\"0\" class=\"wpforms-datepicker-clear\" aria-label=\"Clear Date\" style=\"display:none;\"><\/a><\/div><\/div><div id=\"wpforms-15277559-field_4-container\" class=\"wpforms-field wpforms-field-radio\" data-field-id=\"4\"><fieldset><legend class=\"wpforms-field-label\">Do you already have someone who manages your website updates? <span class=\"wpforms-required-label\" aria-hidden=\"true\">*<\/span><\/legend><ul id=\"wpforms-15277559-field_4\" class=\"wpforms-field-required\"><li class=\"choice-2 depth-1\"><input type=\"radio\" id=\"wpforms-15277559-field_4_2\" name=\"wpforms[fields][4]\" value=\"Yes\" aria-errormessage=\"wpforms-15277559-field_4_2-error\" required ><label class=\"wpforms-field-label-inline\" for=\"wpforms-15277559-field_4_2\">Yes<\/label><\/li><li class=\"choice-1 depth-1\"><input type=\"radio\" id=\"wpforms-15277559-field_4_1\" name=\"wpforms[fields][4]\" value=\"No\" aria-errormessage=\"wpforms-15277559-field_4_1-error\" required ><label class=\"wpforms-field-label-inline\" for=\"wpforms-15277559-field_4_1\">No<\/label><\/li><\/ul><\/fieldset><\/div><div id=\"wpforms-15277559-field_28-container\" class=\"wpforms-field wpforms-field-radio\" data-field-id=\"28\"><fieldset><legend class=\"wpforms-field-label\">Have the updates been made in the last 3 months? <span class=\"wpforms-required-label\" aria-hidden=\"true\">*<\/span><\/legend><ul id=\"wpforms-15277559-field_28\" class=\"wpforms-field-required\"><li class=\"choice-2 depth-1\"><input type=\"radio\" id=\"wpforms-15277559-field_28_2\" name=\"wpforms[fields][28]\" value=\"Yes\" aria-errormessage=\"wpforms-15277559-field_28_2-error\" aria-describedby=\"wpforms-15277559-field_28-description\" required ><label class=\"wpforms-field-label-inline\" for=\"wpforms-15277559-field_28_2\">Yes<\/label><\/li><li class=\"choice-1 depth-1\"><input type=\"radio\" id=\"wpforms-15277559-field_28_1\" name=\"wpforms[fields][28]\" value=\"No\" aria-errormessage=\"wpforms-15277559-field_28_1-error\" aria-describedby=\"wpforms-15277559-field_28-description\" required ><label class=\"wpforms-field-label-inline\" for=\"wpforms-15277559-field_28_1\">No<\/label><\/li><\/ul><div id=\"wpforms-15277559-field_28-description\" class=\"wpforms-field-description\">This helps us assess the current state of your site.<\/div><\/fieldset><\/div><div id=\"wpforms-15277559-field_34-container\" class=\"wpforms-field wpforms-field-text\" data-field-id=\"34\"><label class=\"wpforms-field-label\" for=\"wpforms-15277559-field_34\">Other information<\/label><input type=\"text\" id=\"wpforms-15277559-field_34\" class=\"wpforms-field-medium\" name=\"wpforms[fields][34]\" aria-errormessage=\"wpforms-15277559-field_34-error\" ><\/div><\/div>\n<!-- .wpforms-field-container -->\n<div class=\"wpforms-submit-container\" ><input type=\"hidden\" name=\"wpforms[id]\" value=\"15277559\"><input type=\"hidden\" name=\"page_title\" value=\"\"><input type=\"hidden\" name=\"page_url\" value=\"https:\/\/anniebergeron.com\/en\/wp-json\/wp\/v2\/pages\/15279313\"><input type=\"hidden\" name=\"url_referer\" value=\"\"><button type=\"submit\" name=\"wpforms[submit]\" id=\"wpforms-submit-15277559\" class=\"wpforms-submit\" data-alt-text=\"Sending the informations...\" data-submit-text=\"Send\" aria-live=\"assertive\" value=\"wpforms-submit\">Send<\/button><\/div><\/form><\/div>  \n<!-- .wpforms-container -->\n\t\t\t\t<\/div>\n\t\t\t\t<\/div>\n\t\t\t\t\t<\/div>\n\t\t\t\t<\/div>\n\t\t\t\t<\/div>","protected":false},"excerpt":{"rendered":"<p>Maintenance Plans Veuillez activer JavaScript dans votre navigateur pour remplir ce formulaire.Veuillez activer JavaScript dans votre navigateur pour remplir ce formulaire.Votre nom *Nom de votre entrepriseCourriel de la personne responsable du site (technique) *Courriel pour la facturation (si diff\u00e9rent du pr\u00e9c\u00e9dent)Plan de maintenance *Essentiel (1200$\/an)Excellence (1950$\/an)J&#8217;aimerais votre aide pour faire un bon choix.Un membre de [&hellip;]<\/p>","protected":false},"author":1,"featured_media":0,"parent":0,"menu_order":6,"comment_status":"closed","ping_status":"closed","template":"","meta":{"footnotes":""},"class_list":["post-15279313","page","type-page","status-publish","hentry"],"yoast_head":"<!-- This site is optimized with the Yoast SEO plugin v27.4 - https:\/\/yoast.com\/product\/yoast-seo-wordpress\/ -->\n<title>Maintenance Plans form - Expert WordPress au Qu\u00e9bec | Annie Bergeron<\/title>\n<meta name=\"robots\" content=\"index, follow, max-snippet:-1, max-image-preview:large, max-video-preview:-1\" \/>\n<link rel=\"canonical\" href=\"https:\/\/anniebergeron.com\/en\/maintenance-plans-form\/\" \/>\n<meta property=\"og:locale\" content=\"en_US\" \/>\n<meta property=\"og:type\" content=\"article\" \/>\n<meta property=\"og:title\" content=\"Maintenance Plans form - Expert WordPress au Qu\u00e9bec | Annie Bergeron\" \/>\n<meta property=\"og:description\" content=\"Maintenance Plans Veuillez activer JavaScript dans votre navigateur pour remplir ce formulaire.Veuillez activer JavaScript dans votre navigateur pour remplir ce formulaire.Votre nom *Nom de votre entrepriseCourriel de la personne responsable du site (technique) *Courriel pour la facturation (si diff\u00e9rent du pr\u00e9c\u00e9dent)Plan de maintenance *Essentiel (1200$\/an)Excellence (1950$\/an)J&#8217;aimerais votre aide pour faire un bon choix.Un membre de [&hellip;]\" \/>\n<meta property=\"og:url\" content=\"https:\/\/anniebergeron.com\/en\/maintenance-plans-form\/\" \/>\n<meta property=\"og:site_name\" content=\"Expert WordPress au Qu\u00e9bec | Annie Bergeron\" \/>\n<meta property=\"article:modified_time\" content=\"2025-12-19T23:23:32+00:00\" \/>\n<meta property=\"og:image\" content=\"https:\/\/anniebergeron.com\/wp-content\/plugins\/wpforms\/assets\/images\/submit-spin.svg\" \/>\n<meta name=\"twitter:card\" content=\"summary_large_image\" \/>\n<meta name=\"twitter:label1\" content=\"Est. reading time\" \/>\n\t<meta name=\"twitter:data1\" content=\"1 minute\" \/>\n<script type=\"application\/ld+json\" class=\"yoast-schema-graph\">{\"@context\":\"https:\\\/\\\/schema.org\",\"@graph\":[{\"@type\":\"WebPage\",\"@id\":\"https:\\\/\\\/anniebergeron.com\\\/en\\\/maintenance-plans-form\\\/\",\"url\":\"https:\\\/\\\/anniebergeron.com\\\/en\\\/maintenance-plans-form\\\/\",\"name\":\"Maintenance Plans form - Expert WordPress au Qu\u00e9bec | Annie Bergeron\",\"isPartOf\":{\"@id\":\"https:\\\/\\\/anniebergeron.com\\\/en\\\/#website\"},\"primaryImageOfPage\":{\"@id\":\"https:\\\/\\\/anniebergeron.com\\\/en\\\/maintenance-plans-form\\\/#primaryimage\"},\"image\":{\"@id\":\"https:\\\/\\\/anniebergeron.com\\\/en\\\/maintenance-plans-form\\\/#primaryimage\"},\"thumbnailUrl\":\"https:\\\/\\\/anniebergeron.com\\\/wp-content\\\/plugins\\\/wpforms\\\/assets\\\/images\\\/submit-spin.svg\",\"datePublished\":\"2025-08-29T15:33:09+00:00\",\"dateModified\":\"2025-12-19T23:23:32+00:00\",\"breadcrumb\":{\"@id\":\"https:\\\/\\\/anniebergeron.com\\\/en\\\/maintenance-plans-form\\\/#breadcrumb\"},\"inLanguage\":\"en-US\",\"potentialAction\":[{\"@type\":\"ReadAction\",\"target\":[\"https:\\\/\\\/anniebergeron.com\\\/en\\\/maintenance-plans-form\\\/\"]}]},{\"@type\":\"ImageObject\",\"inLanguage\":\"en-US\",\"@id\":\"https:\\\/\\\/anniebergeron.com\\\/en\\\/maintenance-plans-form\\\/#primaryimage\",\"url\":\"https:\\\/\\\/anniebergeron.com\\\/wp-content\\\/plugins\\\/wpforms\\\/assets\\\/images\\\/submit-spin.svg\",\"contentUrl\":\"https:\\\/\\\/anniebergeron.com\\\/wp-content\\\/plugins\\\/wpforms\\\/assets\\\/images\\\/submit-spin.svg\"},{\"@type\":\"BreadcrumbList\",\"@id\":\"https:\\\/\\\/anniebergeron.com\\\/en\\\/maintenance-plans-form\\\/#breadcrumb\",\"itemListElement\":[{\"@type\":\"ListItem\",\"position\":1,\"name\":\"Accueil\",\"item\":\"https:\\\/\\\/anniebergeron.com\\\/en\\\/\"},{\"@type\":\"ListItem\",\"position\":2,\"name\":\"Maintenance Plans form\"}]},{\"@type\":\"WebSite\",\"@id\":\"https:\\\/\\\/anniebergeron.com\\\/en\\\/#website\",\"url\":\"https:\\\/\\\/anniebergeron.com\\\/en\\\/\",\"name\":\"Expert WordPress au Qu\u00e9bec | Annie Bergeron\",\"description\":\"\",\"potentialAction\":[{\"@type\":\"SearchAction\",\"target\":{\"@type\":\"EntryPoint\",\"urlTemplate\":\"https:\\\/\\\/anniebergeron.com\\\/en\\\/?s={search_term_string}\"},\"query-input\":{\"@type\":\"PropertyValueSpecification\",\"valueRequired\":true,\"valueName\":\"search_term_string\"}}],\"inLanguage\":\"en-US\"}]}<\/script>\n<!-- \/ Yoast SEO plugin. -->","yoast_head_json":{"title":"Maintenance Plans form - Expert WordPress au Qu\u00e9bec | Annie Bergeron","robots":{"index":"index","follow":"follow","max-snippet":"max-snippet:-1","max-image-preview":"max-image-preview:large","max-video-preview":"max-video-preview:-1"},"canonical":"https:\/\/anniebergeron.com\/en\/maintenance-plans-form\/","og_locale":"en_US","og_type":"article","og_title":"Maintenance Plans form - Expert WordPress au Qu\u00e9bec | Annie Bergeron","og_description":"Maintenance Plans Veuillez activer JavaScript dans votre navigateur pour remplir ce formulaire.Veuillez activer JavaScript dans votre navigateur pour remplir ce formulaire.Votre nom *Nom de votre entrepriseCourriel de la personne responsable du site (technique) *Courriel pour la facturation (si diff\u00e9rent du pr\u00e9c\u00e9dent)Plan de maintenance *Essentiel (1200$\/an)Excellence (1950$\/an)J&#8217;aimerais votre aide pour faire un bon choix.Un membre de [&hellip;]","og_url":"https:\/\/anniebergeron.com\/en\/maintenance-plans-form\/","og_site_name":"Expert WordPress au Qu\u00e9bec | Annie Bergeron","article_modified_time":"2025-12-19T23:23:32+00:00","og_image":[{"url":"https:\/\/anniebergeron.com\/wp-content\/plugins\/wpforms\/assets\/images\/submit-spin.svg","type":"","width":"","height":""}],"twitter_card":"summary_large_image","twitter_misc":{"Est. reading time":"1 minute"},"schema":{"@context":"https:\/\/schema.org","@graph":[{"@type":"WebPage","@id":"https:\/\/anniebergeron.com\/en\/maintenance-plans-form\/","url":"https:\/\/anniebergeron.com\/en\/maintenance-plans-form\/","name":"Maintenance Plans form - Expert WordPress au Qu\u00e9bec | Annie Bergeron","isPartOf":{"@id":"https:\/\/anniebergeron.com\/en\/#website"},"primaryImageOfPage":{"@id":"https:\/\/anniebergeron.com\/en\/maintenance-plans-form\/#primaryimage"},"image":{"@id":"https:\/\/anniebergeron.com\/en\/maintenance-plans-form\/#primaryimage"},"thumbnailUrl":"https:\/\/anniebergeron.com\/wp-content\/plugins\/wpforms\/assets\/images\/submit-spin.svg","datePublished":"2025-08-29T15:33:09+00:00","dateModified":"2025-12-19T23:23:32+00:00","breadcrumb":{"@id":"https:\/\/anniebergeron.com\/en\/maintenance-plans-form\/#breadcrumb"},"inLanguage":"en-US","potentialAction":[{"@type":"ReadAction","target":["https:\/\/anniebergeron.com\/en\/maintenance-plans-form\/"]}]},{"@type":"ImageObject","inLanguage":"en-US","@id":"https:\/\/anniebergeron.com\/en\/maintenance-plans-form\/#primaryimage","url":"https:\/\/anniebergeron.com\/wp-content\/plugins\/wpforms\/assets\/images\/submit-spin.svg","contentUrl":"https:\/\/anniebergeron.com\/wp-content\/plugins\/wpforms\/assets\/images\/submit-spin.svg"},{"@type":"BreadcrumbList","@id":"https:\/\/anniebergeron.com\/en\/maintenance-plans-form\/#breadcrumb","itemListElement":[{"@type":"ListItem","position":1,"name":"Accueil","item":"https:\/\/anniebergeron.com\/en\/"},{"@type":"ListItem","position":2,"name":"Maintenance Plans form"}]},{"@type":"WebSite","@id":"https:\/\/anniebergeron.com\/en\/#website","url":"https:\/\/anniebergeron.com\/en\/","name":"Expert WordPress au Qu\u00e9bec | Annie Bergeron","description":"","potentialAction":[{"@type":"SearchAction","target":{"@type":"EntryPoint","urlTemplate":"https:\/\/anniebergeron.com\/en\/?s={search_term_string}"},"query-input":{"@type":"PropertyValueSpecification","valueRequired":true,"valueName":"search_term_string"}}],"inLanguage":"en-US"}]}},"_links":{"self":[{"href":"https:\/\/anniebergeron.com\/en\/wp-json\/wp\/v2\/pages\/15279313","targetHints":{"allow":["GET"]}}],"collection":[{"href":"https:\/\/anniebergeron.com\/en\/wp-json\/wp\/v2\/pages"}],"about":[{"href":"https:\/\/anniebergeron.com\/en\/wp-json\/wp\/v2\/types\/page"}],"author":[{"embeddable":true,"href":"https:\/\/anniebergeron.com\/en\/wp-json\/wp\/v2\/users\/1"}],"replies":[{"embeddable":true,"href":"https:\/\/anniebergeron.com\/en\/wp-json\/wp\/v2\/comments?post=15279313"}],"version-history":[{"count":2,"href":"https:\/\/anniebergeron.com\/en\/wp-json\/wp\/v2\/pages\/15279313\/revisions"}],"predecessor-version":[{"id":15279315,"href":"https:\/\/anniebergeron.com\/en\/wp-json\/wp\/v2\/pages\/15279313\/revisions\/15279315"}],"wp:attachment":[{"href":"https:\/\/anniebergeron.com\/en\/wp-json\/wp\/v2\/media?parent=15279313"}],"curies":[{"name":"wp","href":"https:\/\/api.w.org\/{rel}","templated":true}]}}